{"id":9,"date":"2016-06-23T07:44:20","date_gmt":"2016-06-23T06:44:20","guid":{"rendered":"http:\/\/altopo.si\/?page_id=9"},"modified":"2017-08-01T09:10:03","modified_gmt":"2017-08-01T07:10:03","slug":"jadrnica-altopo-in-njeni-jadralci","status":"publish","type":"page","link":"https:\/\/altopo.si\/index.php\/jadrnica-altopo-in-njeni-jadralci\/","title":{"rendered":"Jadrnica Altopo in njeni jadralci"},"content":{"rendered":"<h2>Jadrnica Altopo<\/h2>\n<p><img decoding=\"async\" loading=\"lazy\" class=\"aligncenter wp-image-54\" src=\"https:\/\/altopo.si\/wp-content\/uploads\/2016\/06\/MG_3177.jpg\" alt=\"_MG_3177\" width=\"600\" height=\"400\" srcset=\"https:\/\/altopo.si\/wp-content\/uploads\/2016\/06\/MG_3177.jpg 1000w, https:\/\/altopo.si\/wp-content\/uploads\/2016\/06\/MG_3177-300x200.jpg 300w, https:\/\/altopo.si\/wp-content\/uploads\/2016\/06\/MG_3177-768x512.jpg 768w\" sizes=\"(max-width: 600px) 100vw, 600px\" \/><\/p>\n<p>Altopo je 38 \u010develjska jadrnica nem\u0161ke Bavarie\u00a0iz serije Match. Je potovalno regatna jadrnica, ki nam nudi veliko udobja, predvsem pa veliko u\u017eitkov pri jadranju.<\/p>\n<p>Oprema podpalubja je enaka kot pri drugih jadrnicah Bavarie: ima tri dvoposteljne kabine, salon z dvema lo\u010denimi le\u017ei\u0161\u010dema, kuhinjo s pe\u010dico, prostoren\u00a0hladilnik, WC z umivalnikom in tu\u0161em ter prostoren kokpit.<\/p>\n<p>Altopo ima t. i. full button glavno jadro in navijalno genovo, za \u0161ibke vetrove pa genaker. Za jadranje na zahtevnej\u0161ih morjih smo nedavno nabavili tudi viharno jadro. Trojni komplet vin\u010dev in traveler ob krmilu omogo\u010dajo udobno upravljanje z jadri iz kokpita, predvsem pa jadranje tudi z manj\u0161o posadko ali v dvoje.<\/p>\n<p>Tudi jadrnice iz serije Match sta oblikovala brata Jakopin, nem\u0161ka Bavaria\u00a0 jih je proizvajala v letih\u00a02003 &#8211; 2005 \u00a0z \u017eeljo prodreti na trg hitrej\u0161ih in predvsem regatno bolj zanimivih jadrnic. To namero je kmalu opustila in jih ne proizvajajo ve\u010d.<\/p>\n<p><img decoding=\"async\" loading=\"lazy\" class=\"wp-image-55 aligncenter\" src=\"https:\/\/altopo.si\/wp-content\/uploads\/2016\/06\/38match_inside_09_rgb_v.jpg\" alt=\"38match_inside_09_rgb_v\" width=\"600\" height=\"360\" srcset=\"https:\/\/altopo.si\/wp-content\/uploads\/2016\/06\/38match_inside_09_rgb_v.jpg 800w, https:\/\/altopo.si\/wp-content\/uploads\/2016\/06\/38match_inside_09_rgb_v-300x180.jpg 300w, https:\/\/altopo.si\/wp-content\/uploads\/2016\/06\/38match_inside_09_rgb_v-768x461.jpg 768w\" sizes=\"(max-width: 600px) 100vw, 600px\" \/><\/p>\n<p><strong>\u0160e nekaj tehni\u010dnih podatkov:<\/strong><\/p>\n<ul>\n<li>Leto izdelave. 20o4<\/li>\n<li>Tip: monotrup cruiser \/ racer<\/li>\n<li>Skupna dol\u017eina: 11,60 m<\/li>\n<li>Dol\u017eine vodne linije: 11,60 m<\/li>\n<li>Najve\u010dja \u0161irina: 3,71 m<\/li>\n<li>Te\u017ea: 6800 kg<\/li>\n<li>Ugrez: 2,15 m<\/li>\n<li>Motor : Volvo Penta MD 2030 diesel saildrive<\/li>\n<li>Gorivo: 150 l<\/li>\n<li>Voda: 170 l + dodatno 150 l<\/li>\n<li>Jadra: glavno jadro 42.6 m2 , Genova (135%): 44.9 m2 ,Genaker: 87.5 m2<\/li>\n<\/ul>\n<h2>Jadralci Altopa<\/h2>\n<p>Na Altopu jadramo od leta 1995, do\u00a0 poletja 2016 smo pre\u017eiveli okroglih 377 jadralskih dni. Jadramo od sredine marca do konca oktobra, ve\u010dkrat smo na Altopu tudi silvestrovali.<\/p>\n<p>Smo redni udele\u017eenci\u00a0 jadralskih dru\u017eenj tako novome\u0161kega jadralnega kluba kot tudi regat v organizaciji jadralnega kluba Odisej. Svoj regatni debi je Altopo do\u017eivel na majski regati JK Odisej leta 2005, na kateri smo zmagali tako v skupnem se\u0161tevku, na\u0161em razredu kot tudi v match race-u. Prisotni smo tudi\u00a0 na jesenski monotip regati JK Odisej , v zadnjih letih na Altopu in seveda v open razredu.<\/p>\n<p>Najbolj stalna je na\u0161a udele\u017eba na tradicionalnem prvomajskem\u00a0 dru\u017eenju novome\u0161kih jadralcev, ki ga v novej\u0161em \u010dasu poimenujemo memorialni skupni plov Pie in Pina Mlakarja. Leta 2016, zadnje leto pred odhodom v Sredozemlje,\u00a0\u00a0smo bili 12-ti\u010d zapored, zadnje \u0161tiri leta pa tudi organizatorji tega sre\u010danja. Od leta 2006 je Altopo vabljen na novome\u0161ko regato Osor \u2013 Osor, ki je za nas poseben izziv.<\/p>\n<p>Altopo je tudi po\u010ditni\u0161ka jadrnica, z njo smo kar nekajkrat prejadrali jadransko obalo, enkrat tudi po italijanski\u00a0 strani. Bili smo organizatorji znamenitih \u00ab jesenskih kulinari\u010dnih regat A&amp;A\u00ab, kjer smo v\u00a0 flotilji jadrali od konobe do konobe\u00a0 leta 2007 s kar sedmimi pridru\u017eenimi jadrnicami.<\/p>\n<p>Od vsega za\u010detka jadrajo na Altopu tudi otroci. Prve jadralske izku\u0161nje so na na\u0161i jadrnici ubirali dveletni Gal, \u0161tiriletni Klemen, na\u0161 najmlaj\u0161i jadralec Erazem\u00a0 je imel ob prvem jadranju le osem mesecev. \u00a0Poseben ponosni smo na na\u0161e nekdaj najstni\u0161ke jadralce Zalo, Davida in Adama, ki so lani opravili potrebne izpite in leta 2016\u00a0pod budnim o\u010desom skiperja Andreja\u00a0 na Altopu tudi jadralski praktikum.<\/p>\n","protected":false},"excerpt":{"rendered":"<p>Jadrnica Altopo Altopo je 38 \u010develjska jadrnica nem\u0161ke Bavarie\u00a0iz serije Match. Je potovalno regatna jadrnica, ki nam nudi veliko udobja, predvsem pa veliko u\u017eitkov pri jadranju. Oprema podpalubja je enaka kot pri drugih jadrnicah Bavarie: ima tri dvoposteljne kabine, salon z dvema lo\u010denimi le\u017ei\u0161\u010dema, kuhinjo s pe\u010dico, prostoren\u00a0hladilnik, WC z umivalnikom in tu\u0161em ter prostoren [&hellip;]<\/p>\n","protected":false},"author":1,"featured_media":0,"parent":0,"menu_order":0,"comment_status":"closed","ping_status":"closed","template":"page-nosidebar.php","meta":[],"_links":{"self":[{"href":"https:\/\/altopo.si\/index.php\/wp-json\/wp\/v2\/pages\/9"}],"collection":[{"href":"https:\/\/altopo.si\/index.php\/wp-json\/wp\/v2\/pages"}],"about":[{"href":"https:\/\/altopo.si\/index.php\/wp-json\/wp\/v2\/types\/page"}],"author":[{"embeddable":true,"href":"https:\/\/altopo.si\/index.php\/wp-json\/wp\/v2\/users\/1"}],"replies":[{"embeddable":true,"href":"https:\/\/altopo.si\/index.php\/wp-json\/wp\/v2\/comments?post=9"}],"version-history":[{"count":15,"href":"https:\/\/altopo.si\/index.php\/wp-json\/wp\/v2\/pages\/9\/revisions"}],"predecessor-version":[{"id":696,"href":"https:\/\/altopo.si\/index.php\/wp-json\/wp\/v2\/pages\/9\/revisions\/696"}],"wp:attachment":[{"href":"https:\/\/altopo.si\/index.php\/wp-json\/wp\/v2\/media?parent=9"}],"curies":[{"name":"wp","href":"https:\/\/api.w.org\/{rel}","templated":true}]}}