{"id":11,"date":"2016-06-23T07:44:31","date_gmt":"2016-06-23T06:44:31","guid":{"rendered":"http:\/\/altopo.si\/?page_id=11"},"modified":"2016-06-29T22:54:29","modified_gmt":"2016-06-29T20:54:29","slug":"dosedanja-jadranja-in-regate","status":"publish","type":"page","link":"https:\/\/altopo.si\/index.php\/dosedanja-jadranja-in-regate\/","title":{"rendered":"Dosedanja jadranja in  regate"},"content":{"rendered":"<h2><\/h2>\n<h2 style=\"text-align: center;\"><\/h2>\n<h2><\/h2>\n<h2>Dosedanja jadranja in regate z Altopom<\/h2>\n<h5><\/h5>\n<h5><\/h5>\n<h5><img decoding=\"async\" loading=\"lazy\" class=\"wp-image-62 alignnone\" src=\"https:\/\/altopo.si\/wp-content\/uploads\/2016\/06\/DSC00872.jpg\" alt=\"DSC00872\" width=\"500\" height=\"375\" srcset=\"https:\/\/altopo.si\/wp-content\/uploads\/2016\/06\/DSC00872.jpg 1000w, https:\/\/altopo.si\/wp-content\/uploads\/2016\/06\/DSC00872-300x225.jpg 300w, https:\/\/altopo.si\/wp-content\/uploads\/2016\/06\/DSC00872-768x576.jpg 768w, https:\/\/altopo.si\/wp-content\/uploads\/2016\/06\/DSC00872-320x240.jpg 320w\" sizes=\"(max-width: 500px) 100vw, 500px\" \/><\/h5>\n<h5>2005<\/h5>\n<ul>\n<li>11-13.3., prvo jadranje z Altopom; Veruda-Brioni-Veruda<\/li>\n<li>21.5., prvi\u010d z Altopom na regati &#8211; 1.mesto na majski regati JK Odisej; Veruda-Zadar-Pag-Ist-Zadar<\/li>\n<li>27.8., Altopo se vra\u010da za nekaj mesecev nazaj v Verudo; Zadar-Veli Rat-Ilovik-Susak-Unije-Brioni-Veruda<\/li>\n<li>10.-31.10., Altopo se dokon\u010dno vra\u010da v Zadar; Veruda-Unije-Susak-Ilovik-Pag-Zadar<\/li>\n<\/ul>\n<h5>2006<\/h5>\n<ul>\n<li>26.3., trening jadranje; Zadar-Kukljica-Zadar<\/li>\n<li>4.-29.4., prvomajska regata JKNM &#8211; Altopo prvi\u010d 1.mesto<\/li>\n<li>30.9., 4. kulinari\u010dna regata A&amp;A, Zadar-Slapovi Krke- Zadar<\/li>\n<li>15.10., regata Osor-Osor, 1.mesto<\/li>\n<li>11.-3.12., kasno jesensko slovo od izjemne sezone, Zadar-Sali-I\u017e-Zadar<\/li>\n<\/ul>\n<h5>2007<\/h5>\n<ul>\n<li>4.-5.6., prvomajska regata JKNM<\/li>\n<li>27.5., majska regata JK Odisej; Zadar-\u017dut-Opat-Zadar<\/li>\n<li>5.-3.6., Nice Crow; Zadar-\u017dut-Opat-Zadar<\/li>\n<li>29.9., 5. kulinari\u010dna regata A&amp;A; Zadar-Vis-Lastovo-Hvar-Zadar<\/li>\n<li>21.10., regata Osor-Osor<\/li>\n<\/ul>\n<h5>2008 \u2013 Altopo je bil v Trogirju<\/h5>\n<ul>\n<li>4.-3.5., prvomajska regata JKNM<\/li>\n<li>5.-24.5., majska regata JK Odisej; Zadar- \u017dut &#8211; Veli I\u017e &#8211; Murter \u2013Zadar<\/li>\n<li>27.7., poletno jadranje; Trogir-Drvenik-Trogir<\/li>\n<li>27.9., 6. kulinari\u010dna regata A&amp;A; Mljet , Trogir -Hvar-Pelje\u0161ac-Mljet &#8211; Trogir<\/li>\n<\/ul>\n<h5>2009<\/h5>\n<ul>\n<li>12.-2.1., prvo silvestrovanje na Altopu, transfer v Zadar ; Trogir-Kaprije-Zadar<\/li>\n<li>4. -2.5. , prvomajska regata JKNM,<\/li>\n<li>5.-30.5., , 1. mesto na majski regati JK Odisej; Zadar-Veliki Drvenik-\u0160olta-Hvar- Vis-Zadar<\/li>\n<li>9.6., 7. Zadar-Brbinj-Veli rat- zunanja stran Dugi otok- Levrnaka-Zadar<\/li>\n<li>6. do 11.7., poletno jadranja z otroki, Kornati, \u0160ibeni\u0161ki otoki<\/li>\n<li>25.10., Regata Osor-Osor,<\/li>\n<\/ul>\n<h5><img decoding=\"async\" loading=\"lazy\" class=\"alignnone wp-image-63\" src=\"https:\/\/altopo.si\/wp-content\/uploads\/2016\/06\/DSCN0671.jpg\" alt=\"DSCN0671\" width=\"500\" height=\"375\" srcset=\"https:\/\/altopo.si\/wp-content\/uploads\/2016\/06\/DSCN0671.jpg 1000w, https:\/\/altopo.si\/wp-content\/uploads\/2016\/06\/DSCN0671-300x225.jpg 300w, https:\/\/altopo.si\/wp-content\/uploads\/2016\/06\/DSCN0671-768x576.jpg 768w, https:\/\/altopo.si\/wp-content\/uploads\/2016\/06\/DSCN0671-320x240.jpg 320w\" sizes=\"(max-width: 500px) 100vw, 500px\" \/><\/h5>\n<h5>2010<\/h5>\n<ul>\n<li>4.-1.5., prvomajska regata JKNM,<\/li>\n<li>26.5., majska regata JK Odisej;<\/li>\n<li>31.7., poletno jadranje <strong>\u00bbAltopo gre v Italijo \u00bb;<\/strong> Zadar-Tremiti-Vieste-Brindidi-Mljet- Lastovo-Split-Kaprije-Zadar<\/li>\n<li>10.10., Regata Osor-Osor, 6.mesto<\/li>\n<\/ul>\n<h5>2011<\/h5>\n<ul>\n<li>4.- 2.5., prvomajska regata JKNM, 2. mesto<\/li>\n<li>21.5., majska regata JK Odisej ,Zadar-Kaprije-Tijat-Prvi\u010d-Zadar<\/li>\n<li>30.7. poletno jadranje <strong>\u00bbAltopo gre ja jug \u00bb<\/strong>; Zadar-Cavtat-Zadar<\/li>\n<li>16.10. Regata Osor-Osor,<\/li>\n<\/ul>\n<h5>2012<\/h5>\n<ul>\n<li>4. \u2013 5.5., prvomajska regata JKNM<\/li>\n<li>5. &#8211; 23.5. majska regata JK Odisej; Zadra-Premuda-Lo\u0161inj-Rab-Supetarska draga-Zadar<\/li>\n<li>9. -22.9. jesensko jadranje; Zadar &#8211; Molat- Premuda- Silba \u2013 \u0160karda<\/li>\n<li>14.10. regata Osor-Osor<\/li>\n<\/ul>\n<h5><img decoding=\"async\" loading=\"lazy\" class=\"wp-image-64 alignleft\" src=\"https:\/\/altopo.si\/wp-content\/uploads\/2016\/06\/Prvomajska-regata-2010-365.jpg\" alt=\"Prvomajska regata 2010 365\" width=\"500\" height=\"375\" srcset=\"https:\/\/altopo.si\/wp-content\/uploads\/2016\/06\/Prvomajska-regata-2010-365.jpg 1024w, https:\/\/altopo.si\/wp-content\/uploads\/2016\/06\/Prvomajska-regata-2010-365-300x225.jpg 300w, https:\/\/altopo.si\/wp-content\/uploads\/2016\/06\/Prvomajska-regata-2010-365-768x576.jpg 768w, https:\/\/altopo.si\/wp-content\/uploads\/2016\/06\/Prvomajska-regata-2010-365-320x240.jpg 320w\" sizes=\"(max-width: 500px) 100vw, 500px\" \/>2013<\/h5>\n<ul>\n<li>17.3., otvoritveno jadranje JK Odisej; Zadar \u2013 Molat &#8211; \u017dman \u2013 Zadar<\/li>\n<li>4. &#8211; 4.5., prvomajska regata JKNM,<\/li>\n<li>25.5., projekt <strong>Palagru\u017ea 2013<\/strong>; Zadar-Pako\u0161tane-Vis-Palagru\u017ea-Lastovo-Komi\u017ea-Kaprije-Kakanj- Zadar<\/li>\n<li>7.- 2.8 , poletno jadranje, dopust !!!, Zadar-Molat-\u0160karda-Olib-Rab-Premuda-Silba-Zadar<\/li>\n<li>9. &#8211; 5.10. monotip JK Odisej, razred Open; Suko\u0161an &#8211; \u017dman &#8211; Suko\u0161an<\/li>\n<li>13.10. regata Osor-Osor<\/li>\n<\/ul>\n<p>&nbsp;<\/p>\n<p>&nbsp;<\/p>\n<h5>2014<\/h5>\n<ul>\n<li>16.3., otvoritveno jadranje, Zadar \u2013 I\u017e \u2013 Zadar<\/li>\n<li>4. &#8211; 3.5.,<\/li>\n<li>prvomajska regata JK NM,<\/li>\n<li>14.6. junijsko jadranje za oddih, Zadar-Vodenjak-Vrgada-Smokvica-Levrnaka-Sali-Zadar<\/li>\n<li>27.9., jesensko jadranje, Zadar-Molat-\u0160karda-Dugi otok-Stiniva-Pa\u0161man<\/li>\n<li>12.10. Regata Osor-Osor,<\/li>\n<\/ul>\n<h5>2015<\/h5>\n<ul>\n<li>15.3. otvoritveno jadranje: Zadar \u2013 Molat -Veli Rat-Soline &#8211; Brbinj-Sali-Zadar<\/li>\n<li>4.-3.5., prvomajska regata JK NM, 1 .mesto<\/li>\n<li>6. -27.6., junijsko jadranje za oddih; Zadar-\u017dirje -Bi\u0161evo- -Su\u0161ac-Lastovo- Komi\u017ea-Tija\u0161\u010dica \u2013Zadar<\/li>\n<li>7.-1.8., poletni oddih; Zadar-Dugi otok Luka -Dumboka-Zadar-Sit- Rava \u2013zadar<\/li>\n<li>9.-11.10 jesensko jadranje+obe regati \u2013 monotip JK Odisej , regata Osor Osor<\/li>\n<\/ul>\n<h5>2016<\/h5>\n<ul>\n<li>12.-2.1. , silvestrovanje, Zadar &#8211; Ugljen \u2013 Zadar<\/li>\n<li>3.-28.3., velikono\u010dno jadranje &#8211; trening mladih skiperjev; Zadar &#8211; Pako\u0161tane \u2013Pa\u0161man &#8211; Zadar<\/li>\n<li>4.-1.5., prvomajska JKNM 1. mesto<\/li>\n<\/ul>\n<p>&nbsp;<\/p>\n<h2>Jadralci Altopa smo jadrali tudi:<\/h2>\n<h5>v Gr\u010diji<\/h5>\n<ul>\n<li>2005 \u2013 Jonski otoki osrednji del: Levkas- Meganisi &#8211; Italka &#8211; Kefalonija- -Levkas<\/li>\n<li>2006 &#8211; Jonski otoki ju\u017eni del: Zakintos-Itaka-Kefalonija-Zakintos<\/li>\n<li>2008 \u2013 Kikladi \u2013 severni del<\/li>\n<li>2014 &#8211; Jonski otoki severni in osrednji del : Krf-Lefkas-Scorpios-Meganisi-Itaka-Kefalonija-Lefkas-Paxox-Parga- Krf -okoli \u2013Krf<\/li>\n<\/ul>\n<h5>na Karibih,<\/h5>\n<ul>\n<li>januarja 2012, St. Lucia \u2013 St. Vincent \u2013 Bequia \u2013 Canoan \u2013 Tobago Keys \u2013 Mayerau \u2013 Bequia \u2013 St. Vincent \u2013 St. Lucia<\/li>\n<\/ul>\n<h5>na monotip regatah JK Odisej<\/h5>\n<ul>\n<li>od leta 2008 d 2011 na jadrnicah elan 340 in Bavaria 34<\/li>\n<\/ul>\n<h5>v letih 2003 in 2004 na jadrnicah iz flote Adrie more, predvsem Event 34-<\/h5>\n","protected":false},"excerpt":{"rendered":"<p>Dosedanja jadranja in regate z Altopom 2005 11-13.3., prvo jadranje z Altopom; Veruda-Brioni-Veruda 21.5., prvi\u010d z Altopom na regati &#8211; 1.mesto na majski regati JK Odisej; Veruda-Zadar-Pag-Ist-Zadar 27.8., Altopo se vra\u010da za nekaj mesecev nazaj v Verudo; Zadar-Veli Rat-Ilovik-Susak-Unije-Brioni-Veruda 10.-31.10., Altopo se dokon\u010dno vra\u010da v Zadar; Veruda-Unije-Susak-Ilovik-Pag-Zadar 2006 26.3., trening jadranje; Zadar-Kukljica-Zadar 4.-29.4., prvomajska regata [&hellip;]<\/p>\n","protected":false},"author":1,"featured_media":0,"parent":0,"menu_order":0,"comment_status":"closed","ping_status":"closed","template":"page-nosidebar.php","meta":[],"_links":{"self":[{"href":"https:\/\/altopo.si\/index.php\/wp-json\/wp\/v2\/pages\/11"}],"collection":[{"href":"https:\/\/altopo.si\/index.php\/wp-json\/wp\/v2\/pages"}],"about":[{"href":"https:\/\/altopo.si\/index.php\/wp-json\/wp\/v2\/types\/page"}],"author":[{"embeddable":true,"href":"https:\/\/altopo.si\/index.php\/wp-json\/wp\/v2\/users\/1"}],"replies":[{"embeddable":true,"href":"https:\/\/altopo.si\/index.php\/wp-json\/wp\/v2\/comments?post=11"}],"version-history":[{"count":11,"href":"https:\/\/altopo.si\/index.php\/wp-json\/wp\/v2\/pages\/11\/revisions"}],"predecessor-version":[{"id":110,"href":"https:\/\/altopo.si\/index.php\/wp-json\/wp\/v2\/pages\/11\/revisions\/110"}],"wp:attachment":[{"href":"https:\/\/altopo.si\/index.php\/wp-json\/wp\/v2\/media?parent=11"}],"curies":[{"name":"wp","href":"https:\/\/api.w.org\/{rel}","templated":true}]}}